{"id":64,"date":"2025-04-29T11:15:12","date_gmt":"2025-04-29T14:15:12","guid":{"rendered":"https:\/\/saudemaispiaui.com.br\/?page_id=64"},"modified":"2025-04-29T11:15:12","modified_gmt":"2025-04-29T14:15:12","slug":"credenciados-esperantina","status":"publish","type":"page","link":"https:\/\/saudemaispiaui.com.br\/en\/credenciados\/credenciados-esperantina\/","title":{"rendered":"Credenciados Esperantina"},"content":{"rendered":"<figure class=\"wp-block-table is-style-stripes\"><table class=\"has-fixed-layout\"><tbody><tr><td><strong>Optica Santa Luzia<br><\/strong>Rua Manoel Antonio, S\/N \u2013 Centro, Esperantina &#8211; PI<br>(86) 98193-3155<br>Compre com desconto<br>Descontos exclusivos para associados<\/td><\/tr><tr><td><strong>DR. CARLOS<br><\/strong>Rua Prof. Jo\u00e3o Paulo, 000 \u2013 Centro, Esperantina &#8211; PI<br>(86) 3383-2922<br>(21) 00000-0000<br>Consultas e cirurgias oftalmol\u00f3gicas<\/td><\/tr><tr><td><strong>CL\u00cdNICA ODONTOL\u00d3GICA Dra. Carolina Sena<br><\/strong>Rua Vereador Ramos, 1060 \u2013 Centro, Esperantina &#8211; PI<br>(86) 98137-0238<br>Raspagem, limpeza, restaura\u00e7\u00f5es, endodontia (canal)<\/td><\/tr><tr><td><\/td><\/tr><\/tbody><\/table><\/figure>","protected":false},"excerpt":{"rendered":"<p>Optica Santa LuziaRua Manoel Antonio, S\/N \u2013 Centro, Esperantina &#8211; PI(86) 98193-3155Compre com descontoDescontos exclusivos para associados DR. CARLOSRua Prof. Jo\u00e3o Paulo, 000 \u2013 Centro, Esperantina &#8211; PI(86) 3383-2922(21) 00000-0000Consultas e cirurgias oftalmol\u00f3gicas CL\u00cdNICA ODONTOL\u00d3GICA Dra. Carolina SenaRua Vereador Ramos, 1060 \u2013 Centro, Esperantina &#8211; PI(86) 98137-0238Raspagem, limpeza, restaura\u00e7\u00f5es, endodontia (canal)<\/p>","protected":false},"author":1,"featured_media":0,"parent":51,"menu_order":0,"comment_status":"closed","ping_status":"closed","template":"","meta":{"_joinchat":[],"footnotes":""},"class_list":["post-64","page","type-page","status-publish","hentry"],"yoast_head":"<!-- This site is optimized with the Yoast SEO plugin v27.3 - https:\/\/yoast.com\/product\/yoast-seo-wordpress\/ -->\n<title>Credenciados Esperantina - Sa\u00fade Mais Piau\u00ed<\/title>\n<meta name=\"robots\" content=\"index, follow, max-snippet:-1, max-image-preview:large, max-video-preview:-1\" \/>\n<link rel=\"canonical\" href=\"https:\/\/saudemaispiaui.com.br\/en\/credenciados\/credenciados-esperantina\/\" \/>\n<meta property=\"og:locale\" content=\"en_US\" \/>\n<meta property=\"og:type\" content=\"article\" \/>\n<meta property=\"og:title\" content=\"Credenciados Esperantina - Sa\u00fade Mais Piau\u00ed\" \/>\n<meta property=\"og:description\" content=\"Optica Santa LuziaRua Manoel Antonio, S\/N \u2013 Centro, Esperantina &#8211; PI(86) 98193-3155Compre com descontoDescontos exclusivos para associados DR. CARLOSRua Prof. Jo\u00e3o Paulo, 000 \u2013 Centro, Esperantina &#8211; PI(86) 3383-2922(21) 00000-0000Consultas e cirurgias oftalmol\u00f3gicas CL\u00cdNICA ODONTOL\u00d3GICA Dra. Carolina SenaRua Vereador Ramos, 1060 \u2013 Centro, Esperantina &#8211; PI(86) 98137-0238Raspagem, limpeza, restaura\u00e7\u00f5es, endodontia (canal)\" \/>\n<meta property=\"og:url\" content=\"https:\/\/saudemaispiaui.com.br\/en\/credenciados\/credenciados-esperantina\/\" \/>\n<meta property=\"og:site_name\" content=\"Sa\u00fade Mais Piau\u00ed\" \/>\n<meta name=\"twitter:card\" content=\"summary_large_image\" \/>\n<script type=\"application\/ld+json\" class=\"yoast-schema-graph\">{\"@context\":\"https:\\\/\\\/schema.org\",\"@graph\":[{\"@type\":\"WebPage\",\"@id\":\"https:\\\/\\\/saudemaispiaui.com.br\\\/credenciados\\\/credenciados-esperantina\\\/\",\"url\":\"https:\\\/\\\/saudemaispiaui.com.br\\\/credenciados\\\/credenciados-esperantina\\\/\",\"name\":\"Credenciados Esperantina - Sa\u00fade Mais Piau\u00ed\",\"isPartOf\":{\"@id\":\"https:\\\/\\\/saudemaispiaui.com.br\\\/#website\"},\"datePublished\":\"2025-04-29T14:15:12+00:00\",\"breadcrumb\":{\"@id\":\"https:\\\/\\\/saudemaispiaui.com.br\\\/credenciados\\\/credenciados-esperantina\\\/#breadcrumb\"},\"inLanguage\":\"en-US\",\"potentialAction\":[{\"@type\":\"ReadAction\",\"target\":[\"https:\\\/\\\/saudemaispiaui.com.br\\\/credenciados\\\/credenciados-esperantina\\\/\"]}]},{\"@type\":\"BreadcrumbList\",\"@id\":\"https:\\\/\\\/saudemaispiaui.com.br\\\/credenciados\\\/credenciados-esperantina\\\/#breadcrumb\",\"itemListElement\":[{\"@type\":\"ListItem\",\"position\":1,\"name\":\"In\u00edcio\",\"item\":\"https:\\\/\\\/saudemaispiaui.com.br\\\/\"},{\"@type\":\"ListItem\",\"position\":2,\"name\":\"Credenciados\",\"item\":\"https:\\\/\\\/saudemaispiaui.com.br\\\/credenciados\\\/\"},{\"@type\":\"ListItem\",\"position\":3,\"name\":\"Credenciados Esperantina\"}]},{\"@type\":\"WebSite\",\"@id\":\"https:\\\/\\\/saudemaispiaui.com.br\\\/#website\",\"url\":\"https:\\\/\\\/saudemaispiaui.com.br\\\/\",\"name\":\"Sa\u00fade Mais Piau\u00ed\",\"description\":\"Cart\u00e3o de desconto em servi\u00e7os de sa\u00fade\",\"publisher\":{\"@id\":\"https:\\\/\\\/saudemaispiaui.com.br\\\/#organization\"},\"potentialAction\":[{\"@type\":\"SearchAction\",\"target\":{\"@type\":\"EntryPoint\",\"urlTemplate\":\"https:\\\/\\\/saudemaispiaui.com.br\\\/?s={search_term_string}\"},\"query-input\":{\"@type\":\"PropertyValueSpecification\",\"valueRequired\":true,\"valueName\":\"search_term_string\"}}],\"inLanguage\":\"en-US\"},{\"@type\":\"Organization\",\"@id\":\"https:\\\/\\\/saudemaispiaui.com.br\\\/#organization\",\"name\":\"Sa\u00fade Mais Piau\u00ed\",\"url\":\"https:\\\/\\\/saudemaispiaui.com.br\\\/\",\"logo\":{\"@type\":\"ImageObject\",\"inLanguage\":\"en-US\",\"@id\":\"https:\\\/\\\/saudemaispiaui.com.br\\\/#\\\/schema\\\/logo\\\/image\\\/\",\"url\":\"https:\\\/\\\/saudemaispiaui.com.br\\\/wp-content\\\/uploads\\\/2024\\\/10\\\/logo-smp.png\",\"contentUrl\":\"https:\\\/\\\/saudemaispiaui.com.br\\\/wp-content\\\/uploads\\\/2024\\\/10\\\/logo-smp.png\",\"width\":300,\"height\":110,\"caption\":\"Sa\u00fade Mais Piau\u00ed\"},\"image\":{\"@id\":\"https:\\\/\\\/saudemaispiaui.com.br\\\/#\\\/schema\\\/logo\\\/image\\\/\"}}]}<\/script>\n<!-- \/ Yoast SEO plugin. -->","yoast_head_json":{"title":"Credenciados Esperantina - Sa\u00fade Mais Piau\u00ed","robots":{"index":"index","follow":"follow","max-snippet":"max-snippet:-1","max-image-preview":"max-image-preview:large","max-video-preview":"max-video-preview:-1"},"canonical":"https:\/\/saudemaispiaui.com.br\/en\/credenciados\/credenciados-esperantina\/","og_locale":"en_US","og_type":"article","og_title":"Credenciados Esperantina - Sa\u00fade Mais Piau\u00ed","og_description":"Optica Santa LuziaRua Manoel Antonio, S\/N \u2013 Centro, Esperantina &#8211; PI(86) 98193-3155Compre com descontoDescontos exclusivos para associados DR. CARLOSRua Prof. Jo\u00e3o Paulo, 000 \u2013 Centro, Esperantina &#8211; PI(86) 3383-2922(21) 00000-0000Consultas e cirurgias oftalmol\u00f3gicas CL\u00cdNICA ODONTOL\u00d3GICA Dra. Carolina SenaRua Vereador Ramos, 1060 \u2013 Centro, Esperantina &#8211; PI(86) 98137-0238Raspagem, limpeza, restaura\u00e7\u00f5es, endodontia (canal)","og_url":"https:\/\/saudemaispiaui.com.br\/en\/credenciados\/credenciados-esperantina\/","og_site_name":"Sa\u00fade Mais Piau\u00ed","twitter_card":"summary_large_image","schema":{"@context":"https:\/\/schema.org","@graph":[{"@type":"WebPage","@id":"https:\/\/saudemaispiaui.com.br\/credenciados\/credenciados-esperantina\/","url":"https:\/\/saudemaispiaui.com.br\/credenciados\/credenciados-esperantina\/","name":"Credenciados Esperantina - Sa\u00fade Mais Piau\u00ed","isPartOf":{"@id":"https:\/\/saudemaispiaui.com.br\/#website"},"datePublished":"2025-04-29T14:15:12+00:00","breadcrumb":{"@id":"https:\/\/saudemaispiaui.com.br\/credenciados\/credenciados-esperantina\/#breadcrumb"},"inLanguage":"en-US","potentialAction":[{"@type":"ReadAction","target":["https:\/\/saudemaispiaui.com.br\/credenciados\/credenciados-esperantina\/"]}]},{"@type":"BreadcrumbList","@id":"https:\/\/saudemaispiaui.com.br\/credenciados\/credenciados-esperantina\/#breadcrumb","itemListElement":[{"@type":"ListItem","position":1,"name":"In\u00edcio","item":"https:\/\/saudemaispiaui.com.br\/"},{"@type":"ListItem","position":2,"name":"Credenciados","item":"https:\/\/saudemaispiaui.com.br\/credenciados\/"},{"@type":"ListItem","position":3,"name":"Credenciados Esperantina"}]},{"@type":"WebSite","@id":"https:\/\/saudemaispiaui.com.br\/#website","url":"https:\/\/saudemaispiaui.com.br\/","name":"Sa\u00fade Mais Piau\u00ed","description":"Cart\u00e3o de desconto em servi\u00e7os de sa\u00fade","publisher":{"@id":"https:\/\/saudemaispiaui.com.br\/#organization"},"potentialAction":[{"@type":"SearchAction","target":{"@type":"EntryPoint","urlTemplate":"https:\/\/saudemaispiaui.com.br\/?s={search_term_string}"},"query-input":{"@type":"PropertyValueSpecification","valueRequired":true,"valueName":"search_term_string"}}],"inLanguage":"en-US"},{"@type":"Organization","@id":"https:\/\/saudemaispiaui.com.br\/#organization","name":"Sa\u00fade Mais Piau\u00ed","url":"https:\/\/saudemaispiaui.com.br\/","logo":{"@type":"ImageObject","inLanguage":"en-US","@id":"https:\/\/saudemaispiaui.com.br\/#\/schema\/logo\/image\/","url":"https:\/\/saudemaispiaui.com.br\/wp-content\/uploads\/2024\/10\/logo-smp.png","contentUrl":"https:\/\/saudemaispiaui.com.br\/wp-content\/uploads\/2024\/10\/logo-smp.png","width":300,"height":110,"caption":"Sa\u00fade Mais Piau\u00ed"},"image":{"@id":"https:\/\/saudemaispiaui.com.br\/#\/schema\/logo\/image\/"}}]}},"_links":{"self":[{"href":"https:\/\/saudemaispiaui.com.br\/en\/wp-json\/wp\/v2\/pages\/64","targetHints":{"allow":["GET"]}}],"collection":[{"href":"https:\/\/saudemaispiaui.com.br\/en\/wp-json\/wp\/v2\/pages"}],"about":[{"href":"https:\/\/saudemaispiaui.com.br\/en\/wp-json\/wp\/v2\/types\/page"}],"author":[{"embeddable":true,"href":"https:\/\/saudemaispiaui.com.br\/en\/wp-json\/wp\/v2\/users\/1"}],"replies":[{"embeddable":true,"href":"https:\/\/saudemaispiaui.com.br\/en\/wp-json\/wp\/v2\/comments?post=64"}],"version-history":[{"count":1,"href":"https:\/\/saudemaispiaui.com.br\/en\/wp-json\/wp\/v2\/pages\/64\/revisions"}],"predecessor-version":[{"id":65,"href":"https:\/\/saudemaispiaui.com.br\/en\/wp-json\/wp\/v2\/pages\/64\/revisions\/65"}],"up":[{"embeddable":true,"href":"https:\/\/saudemaispiaui.com.br\/en\/wp-json\/wp\/v2\/pages\/51"}],"wp:attachment":[{"href":"https:\/\/saudemaispiaui.com.br\/en\/wp-json\/wp\/v2\/media?parent=64"}],"curies":[{"name":"wp","href":"https:\/\/api.w.org\/{rel}","templated":true}]}}