{"id":56,"date":"2025-04-29T11:09:41","date_gmt":"2025-04-29T14:09:41","guid":{"rendered":"https:\/\/saudemaispiaui.com.br\/?page_id=56"},"modified":"2025-04-29T11:10:04","modified_gmt":"2025-04-29T14:10:04","slug":"credenciados-teresina","status":"publish","type":"page","link":"https:\/\/saudemaispiaui.com.br\/en\/credenciados\/credenciados-teresina\/","title":{"rendered":"Credenciados Teresina"},"content":{"rendered":"<figure class=\"wp-block-table is-style-stripes\"><table class=\"has-fixed-layout\"><tbody><tr><td><strong>Cl\u00ednica Augustos<br><\/strong>Rua Taumaturgo de Azevedo, 1875 \u2013 Centro, Teresina &#8211; PI<br>(86) 98133-1740<br>(86) 98188-8852<br>Consultas M\u00e9dicas, Exames Laboratoriais, Exames de Imagem<\/td><\/tr><tr><td><strong>NEOCL\u00cdNICA<\/strong><br>Rua An\u00edsio de Abreu, 622 \u2013 Centro, Teresina &#8211; PI<br>(86) 3131-6666<br>(86) 99572-6693<br>Otorrinos, Ginecologia, Gastro, Dermatologia, Neurologia<br>Ligue e agende!<\/td><\/tr><tr><td><strong>MedSaude<\/strong><br>Rua Olavo Bilac, 2234 \u2013 Centro, Teresina &#8211; PI<br>(86) 3221-8639<br>(86) 99824-1600<br>Exames de laborat\u00f3rios e imagens, atrav\u00e9s da parceria<br>A parceria MedSa\u00fade\/Sa\u00fadeMais Piau\u00ed visa oferecer atendimento diferenciado<\/td><\/tr><tr><td><\/td><\/tr><\/tbody><\/table><\/figure>","protected":false},"excerpt":{"rendered":"<p>Cl\u00ednica AugustosRua Taumaturgo de Azevedo, 1875 \u2013 Centro, Teresina &#8211; PI(86) 98133-1740(86) 98188-8852Consultas M\u00e9dicas, Exames Laboratoriais, Exames de Imagem NEOCL\u00cdNICARua An\u00edsio de Abreu, 622 \u2013 Centro, Teresina &#8211; PI(86) 3131-6666(86) 99572-6693Otorrinos, Ginecologia, Gastro, Dermatologia, NeurologiaLigue e agende! MedSaudeRua Olavo Bilac, 2234 \u2013 Centro, Teresina &#8211; PI(86) 3221-8639(86) 99824-1600Exames de laborat\u00f3rios e imagens, atrav\u00e9s da parceriaA [&hellip;]<\/p>\n","protected":false},"author":1,"featured_media":0,"parent":51,"menu_order":0,"comment_status":"closed","ping_status":"closed","template":"","meta":{"_joinchat":[],"footnotes":""},"class_list":["post-56","page","type-page","status-publish","hentry"],"yoast_head":"<!-- This site is optimized with the Yoast SEO plugin v27.3 - https:\/\/yoast.com\/product\/yoast-seo-wordpress\/ -->\n<title>Credenciados Teresina - Sa\u00fade Mais Piau\u00ed<\/title>\n<meta name=\"robots\" content=\"index, follow, max-snippet:-1, max-image-preview:large, max-video-preview:-1\" \/>\n<link rel=\"canonical\" href=\"https:\/\/saudemaispiaui.com.br\/en\/credenciados\/credenciados-teresina\/\" \/>\n<meta property=\"og:locale\" content=\"en_US\" \/>\n<meta property=\"og:type\" content=\"article\" \/>\n<meta property=\"og:title\" content=\"Credenciados Teresina - Sa\u00fade Mais Piau\u00ed\" \/>\n<meta property=\"og:description\" content=\"Cl\u00ednica AugustosRua Taumaturgo de Azevedo, 1875 \u2013 Centro, Teresina &#8211; PI(86) 98133-1740(86) 98188-8852Consultas M\u00e9dicas, Exames Laboratoriais, Exames de Imagem NEOCL\u00cdNICARua An\u00edsio de Abreu, 622 \u2013 Centro, Teresina &#8211; PI(86) 3131-6666(86) 99572-6693Otorrinos, Ginecologia, Gastro, Dermatologia, NeurologiaLigue e agende! MedSaudeRua Olavo Bilac, 2234 \u2013 Centro, Teresina &#8211; PI(86) 3221-8639(86) 99824-1600Exames de laborat\u00f3rios e imagens, atrav\u00e9s da parceriaA [&hellip;]\" \/>\n<meta property=\"og:url\" content=\"https:\/\/saudemaispiaui.com.br\/en\/credenciados\/credenciados-teresina\/\" \/>\n<meta property=\"og:site_name\" content=\"Sa\u00fade Mais Piau\u00ed\" \/>\n<meta property=\"article:modified_time\" content=\"2025-04-29T14:10:04+00:00\" \/>\n<meta name=\"twitter:card\" content=\"summary_large_image\" \/>\n<script type=\"application\/ld+json\" class=\"yoast-schema-graph\">{\"@context\":\"https:\\\/\\\/schema.org\",\"@graph\":[{\"@type\":\"WebPage\",\"@id\":\"https:\\\/\\\/saudemaispiaui.com.br\\\/credenciados\\\/credenciados-teresina\\\/\",\"url\":\"https:\\\/\\\/saudemaispiaui.com.br\\\/credenciados\\\/credenciados-teresina\\\/\",\"name\":\"Credenciados Teresina - Sa\u00fade Mais Piau\u00ed\",\"isPartOf\":{\"@id\":\"https:\\\/\\\/saudemaispiaui.com.br\\\/#website\"},\"datePublished\":\"2025-04-29T14:09:41+00:00\",\"dateModified\":\"2025-04-29T14:10:04+00:00\",\"breadcrumb\":{\"@id\":\"https:\\\/\\\/saudemaispiaui.com.br\\\/credenciados\\\/credenciados-teresina\\\/#breadcrumb\"},\"inLanguage\":\"en-US\",\"potentialAction\":[{\"@type\":\"ReadAction\",\"target\":[\"https:\\\/\\\/saudemaispiaui.com.br\\\/credenciados\\\/credenciados-teresina\\\/\"]}]},{\"@type\":\"BreadcrumbList\",\"@id\":\"https:\\\/\\\/saudemaispiaui.com.br\\\/credenciados\\\/credenciados-teresina\\\/#breadcrumb\",\"itemListElement\":[{\"@type\":\"ListItem\",\"position\":1,\"name\":\"In\u00edcio\",\"item\":\"https:\\\/\\\/saudemaispiaui.com.br\\\/\"},{\"@type\":\"ListItem\",\"position\":2,\"name\":\"Credenciados\",\"item\":\"https:\\\/\\\/saudemaispiaui.com.br\\\/credenciados\\\/\"},{\"@type\":\"ListItem\",\"position\":3,\"name\":\"Credenciados Teresina\"}]},{\"@type\":\"WebSite\",\"@id\":\"https:\\\/\\\/saudemaispiaui.com.br\\\/#website\",\"url\":\"https:\\\/\\\/saudemaispiaui.com.br\\\/\",\"name\":\"Sa\u00fade Mais Piau\u00ed\",\"description\":\"Cart\u00e3o de desconto em servi\u00e7os de sa\u00fade\",\"publisher\":{\"@id\":\"https:\\\/\\\/saudemaispiaui.com.br\\\/#organization\"},\"potentialAction\":[{\"@type\":\"SearchAction\",\"target\":{\"@type\":\"EntryPoint\",\"urlTemplate\":\"https:\\\/\\\/saudemaispiaui.com.br\\\/?s={search_term_string}\"},\"query-input\":{\"@type\":\"PropertyValueSpecification\",\"valueRequired\":true,\"valueName\":\"search_term_string\"}}],\"inLanguage\":\"en-US\"},{\"@type\":\"Organization\",\"@id\":\"https:\\\/\\\/saudemaispiaui.com.br\\\/#organization\",\"name\":\"Sa\u00fade Mais Piau\u00ed\",\"url\":\"https:\\\/\\\/saudemaispiaui.com.br\\\/\",\"logo\":{\"@type\":\"ImageObject\",\"inLanguage\":\"en-US\",\"@id\":\"https:\\\/\\\/saudemaispiaui.com.br\\\/#\\\/schema\\\/logo\\\/image\\\/\",\"url\":\"https:\\\/\\\/saudemaispiaui.com.br\\\/wp-content\\\/uploads\\\/2024\\\/10\\\/logo-smp.png\",\"contentUrl\":\"https:\\\/\\\/saudemaispiaui.com.br\\\/wp-content\\\/uploads\\\/2024\\\/10\\\/logo-smp.png\",\"width\":300,\"height\":110,\"caption\":\"Sa\u00fade Mais Piau\u00ed\"},\"image\":{\"@id\":\"https:\\\/\\\/saudemaispiaui.com.br\\\/#\\\/schema\\\/logo\\\/image\\\/\"}}]}<\/script>\n<!-- \/ Yoast SEO plugin. -->","yoast_head_json":{"title":"Credenciados Teresina - Sa\u00fade Mais Piau\u00ed","robots":{"index":"index","follow":"follow","max-snippet":"max-snippet:-1","max-image-preview":"max-image-preview:large","max-video-preview":"max-video-preview:-1"},"canonical":"https:\/\/saudemaispiaui.com.br\/en\/credenciados\/credenciados-teresina\/","og_locale":"en_US","og_type":"article","og_title":"Credenciados Teresina - Sa\u00fade Mais Piau\u00ed","og_description":"Cl\u00ednica AugustosRua Taumaturgo de Azevedo, 1875 \u2013 Centro, Teresina &#8211; PI(86) 98133-1740(86) 98188-8852Consultas M\u00e9dicas, Exames Laboratoriais, Exames de Imagem NEOCL\u00cdNICARua An\u00edsio de Abreu, 622 \u2013 Centro, Teresina &#8211; PI(86) 3131-6666(86) 99572-6693Otorrinos, Ginecologia, Gastro, Dermatologia, NeurologiaLigue e agende! MedSaudeRua Olavo Bilac, 2234 \u2013 Centro, Teresina &#8211; PI(86) 3221-8639(86) 99824-1600Exames de laborat\u00f3rios e imagens, atrav\u00e9s da parceriaA [&hellip;]","og_url":"https:\/\/saudemaispiaui.com.br\/en\/credenciados\/credenciados-teresina\/","og_site_name":"Sa\u00fade Mais Piau\u00ed","article_modified_time":"2025-04-29T14:10:04+00:00","twitter_card":"summary_large_image","schema":{"@context":"https:\/\/schema.org","@graph":[{"@type":"WebPage","@id":"https:\/\/saudemaispiaui.com.br\/credenciados\/credenciados-teresina\/","url":"https:\/\/saudemaispiaui.com.br\/credenciados\/credenciados-teresina\/","name":"Credenciados Teresina - Sa\u00fade Mais Piau\u00ed","isPartOf":{"@id":"https:\/\/saudemaispiaui.com.br\/#website"},"datePublished":"2025-04-29T14:09:41+00:00","dateModified":"2025-04-29T14:10:04+00:00","breadcrumb":{"@id":"https:\/\/saudemaispiaui.com.br\/credenciados\/credenciados-teresina\/#breadcrumb"},"inLanguage":"en-US","potentialAction":[{"@type":"ReadAction","target":["https:\/\/saudemaispiaui.com.br\/credenciados\/credenciados-teresina\/"]}]},{"@type":"BreadcrumbList","@id":"https:\/\/saudemaispiaui.com.br\/credenciados\/credenciados-teresina\/#breadcrumb","itemListElement":[{"@type":"ListItem","position":1,"name":"In\u00edcio","item":"https:\/\/saudemaispiaui.com.br\/"},{"@type":"ListItem","position":2,"name":"Credenciados","item":"https:\/\/saudemaispiaui.com.br\/credenciados\/"},{"@type":"ListItem","position":3,"name":"Credenciados Teresina"}]},{"@type":"WebSite","@id":"https:\/\/saudemaispiaui.com.br\/#website","url":"https:\/\/saudemaispiaui.com.br\/","name":"Sa\u00fade Mais Piau\u00ed","description":"Cart\u00e3o de desconto em servi\u00e7os de sa\u00fade","publisher":{"@id":"https:\/\/saudemaispiaui.com.br\/#organization"},"potentialAction":[{"@type":"SearchAction","target":{"@type":"EntryPoint","urlTemplate":"https:\/\/saudemaispiaui.com.br\/?s={search_term_string}"},"query-input":{"@type":"PropertyValueSpecification","valueRequired":true,"valueName":"search_term_string"}}],"inLanguage":"en-US"},{"@type":"Organization","@id":"https:\/\/saudemaispiaui.com.br\/#organization","name":"Sa\u00fade Mais Piau\u00ed","url":"https:\/\/saudemaispiaui.com.br\/","logo":{"@type":"ImageObject","inLanguage":"en-US","@id":"https:\/\/saudemaispiaui.com.br\/#\/schema\/logo\/image\/","url":"https:\/\/saudemaispiaui.com.br\/wp-content\/uploads\/2024\/10\/logo-smp.png","contentUrl":"https:\/\/saudemaispiaui.com.br\/wp-content\/uploads\/2024\/10\/logo-smp.png","width":300,"height":110,"caption":"Sa\u00fade Mais Piau\u00ed"},"image":{"@id":"https:\/\/saudemaispiaui.com.br\/#\/schema\/logo\/image\/"}}]}},"_links":{"self":[{"href":"https:\/\/saudemaispiaui.com.br\/en\/wp-json\/wp\/v2\/pages\/56","targetHints":{"allow":["GET"]}}],"collection":[{"href":"https:\/\/saudemaispiaui.com.br\/en\/wp-json\/wp\/v2\/pages"}],"about":[{"href":"https:\/\/saudemaispiaui.com.br\/en\/wp-json\/wp\/v2\/types\/page"}],"author":[{"embeddable":true,"href":"https:\/\/saudemaispiaui.com.br\/en\/wp-json\/wp\/v2\/users\/1"}],"replies":[{"embeddable":true,"href":"https:\/\/saudemaispiaui.com.br\/en\/wp-json\/wp\/v2\/comments?post=56"}],"version-history":[{"count":1,"href":"https:\/\/saudemaispiaui.com.br\/en\/wp-json\/wp\/v2\/pages\/56\/revisions"}],"predecessor-version":[{"id":60,"href":"https:\/\/saudemaispiaui.com.br\/en\/wp-json\/wp\/v2\/pages\/56\/revisions\/60"}],"up":[{"embeddable":true,"href":"https:\/\/saudemaispiaui.com.br\/en\/wp-json\/wp\/v2\/pages\/51"}],"wp:attachment":[{"href":"https:\/\/saudemaispiaui.com.br\/en\/wp-json\/wp\/v2\/media?parent=56"}],"curies":[{"name":"wp","href":"https:\/\/api.w.org\/{rel}","templated":true}]}}