{"id":51,"date":"2025-04-12T09:04:08","date_gmt":"2025-04-12T12:04:08","guid":{"rendered":"https:\/\/saudemaispiaui.com.br\/?page_id=51"},"modified":"2025-04-29T13:35:55","modified_gmt":"2025-04-29T16:35:55","slug":"credenciados","status":"publish","type":"page","link":"https:\/\/saudemaispiaui.com.br\/en\/credenciados\/","title":{"rendered":"Credenciados"},"content":{"rendered":"<div class=\"wp-block-buttons is-content-justification-center is-layout-flex wp-container-core-buttons-is-layout-16018d1d wp-block-buttons-is-layout-flex\">\n<div class=\"wp-block-button is-style-outline is-style-outline--1\"><a class=\"wp-block-button__link wp-element-button\" href=\"https:\/\/saudemaispiaui.com.br\/en\/credenciados\/credenciados-teresina\/\"><strong>Teresina<\/strong><\/a><\/div>\n<\/div>\n\n\n\n<div class=\"wp-block-buttons is-content-justification-center is-layout-flex wp-container-core-buttons-is-layout-16018d1d wp-block-buttons-is-layout-flex\">\n<div class=\"wp-block-button is-style-outline is-style-outline--2\"><a class=\"wp-block-button__link wp-element-button\" href=\"https:\/\/saudemaispiaui.com.br\/en\/credenciados\/parnaiba\/\"><strong>Parna\u00edba<\/strong><\/a><\/div>\n<\/div>\n\n\n\n<div class=\"wp-block-buttons is-content-justification-center is-layout-flex wp-container-core-buttons-is-layout-16018d1d wp-block-buttons-is-layout-flex\">\n<div class=\"wp-block-button is-style-outline is-style-outline--3\"><a class=\"wp-block-button__link wp-element-button\" href=\"https:\/\/saudemaispiaui.com.br\/en\/credenciados\/credenciados-esperantina\/\"><strong>Esperenatina<\/strong><\/a><\/div>\n<\/div>\n\n\n\n<div class=\"wp-block-buttons is-content-justification-center is-layout-flex wp-container-core-buttons-is-layout-16018d1d wp-block-buttons-is-layout-flex\">\n<div class=\"wp-block-button is-style-outline is-style-outline--4\"><a class=\"wp-block-button__link wp-element-button\"><strong>Luzil\u00e2ndia<\/strong><\/a><\/div>\n<\/div>\n\n\n\n<div class=\"wp-block-buttons is-content-justification-center is-layout-flex wp-container-core-buttons-is-layout-16018d1d wp-block-buttons-is-layout-flex\">\n<div class=\"wp-block-button is-style-outline is-style-outline--5\"><a class=\"wp-block-button__link has-text-align-center wp-element-button\" href=\"https:\/\/saudemaispiaui.com.br\/en\/credenciados\/credenciados-joaquim-pires\/\"><strong>Joaquim Pires<\/strong><\/a><\/div>\n<\/div>\n\n\n\n<div class=\"wp-block-buttons is-content-justification-center is-layout-flex wp-container-core-buttons-is-layout-16018d1d wp-block-buttons-is-layout-flex\">\n<div class=\"wp-block-button is-style-outline is-style-outline--6\"><a class=\"wp-block-button__link wp-element-button\" href=\"https:\/\/saudemaispiaui.com.br\/en\/credenciados\/credenciados-caxingo\/\"><strong>Caxing\u00f3<\/strong><\/a><\/div>\n<\/div>","protected":false},"excerpt":{"rendered":"","protected":false},"author":1,"featured_media":12,"parent":0,"menu_order":0,"comment_status":"closed","ping_status":"closed","template":"","meta":{"_joinchat":[],"footnotes":""},"class_list":["post-51","page","type-page","status-publish","has-post-thumbnail","hentry"],"yoast_head":"<!-- This site is optimized with the Yoast SEO plugin v27.3 - https:\/\/yoast.com\/product\/yoast-seo-wordpress\/ -->\n<title>Credenciados - Sa\u00fade Mais Piau\u00ed<\/title>\n<meta name=\"robots\" content=\"index, follow, max-snippet:-1, max-image-preview:large, max-video-preview:-1\" \/>\n<link rel=\"canonical\" href=\"https:\/\/saudemaispiaui.com.br\/en\/credenciados\/\" \/>\n<meta property=\"og:locale\" content=\"en_US\" \/>\n<meta property=\"og:type\" content=\"article\" \/>\n<meta property=\"og:title\" content=\"Credenciados - Sa\u00fade Mais Piau\u00ed\" \/>\n<meta property=\"og:url\" content=\"https:\/\/saudemaispiaui.com.br\/en\/credenciados\/\" \/>\n<meta property=\"og:site_name\" content=\"Sa\u00fade Mais Piau\u00ed\" \/>\n<meta property=\"article:modified_time\" content=\"2025-04-29T16:35:55+00:00\" \/>\n<meta property=\"og:image\" content=\"https:\/\/saudemaispiaui.com.br\/wp-content\/uploads\/2024\/10\/doctor-1.jpg\" \/>\n\t<meta property=\"og:image:width\" content=\"725\" \/>\n\t<meta property=\"og:image:height\" content=\"483\" \/>\n\t<meta property=\"og:image:type\" content=\"image\/jpeg\" \/>\n<meta name=\"twitter:card\" content=\"summary_large_image\" \/>\n<script type=\"application\/ld+json\" class=\"yoast-schema-graph\">{\"@context\":\"https:\\\/\\\/schema.org\",\"@graph\":[{\"@type\":\"WebPage\",\"@id\":\"https:\\\/\\\/saudemaispiaui.com.br\\\/credenciados\\\/\",\"url\":\"https:\\\/\\\/saudemaispiaui.com.br\\\/credenciados\\\/\",\"name\":\"Credenciados - Sa\u00fade Mais Piau\u00ed\",\"isPartOf\":{\"@id\":\"https:\\\/\\\/saudemaispiaui.com.br\\\/#website\"},\"primaryImageOfPage\":{\"@id\":\"https:\\\/\\\/saudemaispiaui.com.br\\\/credenciados\\\/#primaryimage\"},\"image\":{\"@id\":\"https:\\\/\\\/saudemaispiaui.com.br\\\/credenciados\\\/#primaryimage\"},\"thumbnailUrl\":\"https:\\\/\\\/saudemaispiaui.com.br\\\/wp-content\\\/uploads\\\/2024\\\/10\\\/doctor-1.jpg\",\"datePublished\":\"2025-04-12T12:04:08+00:00\",\"dateModified\":\"2025-04-29T16:35:55+00:00\",\"breadcrumb\":{\"@id\":\"https:\\\/\\\/saudemaispiaui.com.br\\\/credenciados\\\/#breadcrumb\"},\"inLanguage\":\"en-US\",\"potentialAction\":[{\"@type\":\"ReadAction\",\"target\":[\"https:\\\/\\\/saudemaispiaui.com.br\\\/credenciados\\\/\"]}]},{\"@type\":\"ImageObject\",\"inLanguage\":\"en-US\",\"@id\":\"https:\\\/\\\/saudemaispiaui.com.br\\\/credenciados\\\/#primaryimage\",\"url\":\"https:\\\/\\\/saudemaispiaui.com.br\\\/wp-content\\\/uploads\\\/2024\\\/10\\\/doctor-1.jpg\",\"contentUrl\":\"https:\\\/\\\/saudemaispiaui.com.br\\\/wp-content\\\/uploads\\\/2024\\\/10\\\/doctor-1.jpg\",\"width\":725,\"height\":483,\"caption\":\"uniform, healt care, doctor, health, hospital, medical care, medicine, ambulance, stethoscope, medical records, white coat\"},{\"@type\":\"BreadcrumbList\",\"@id\":\"https:\\\/\\\/saudemaispiaui.com.br\\\/credenciados\\\/#breadcrumb\",\"itemListElement\":[{\"@type\":\"ListItem\",\"position\":1,\"name\":\"In\u00edcio\",\"item\":\"https:\\\/\\\/saudemaispiaui.com.br\\\/\"},{\"@type\":\"ListItem\",\"position\":2,\"name\":\"Credenciados\"}]},{\"@type\":\"WebSite\",\"@id\":\"https:\\\/\\\/saudemaispiaui.com.br\\\/#website\",\"url\":\"https:\\\/\\\/saudemaispiaui.com.br\\\/\",\"name\":\"Sa\u00fade Mais Piau\u00ed\",\"description\":\"Cart\u00e3o de desconto em servi\u00e7os de sa\u00fade\",\"publisher\":{\"@id\":\"https:\\\/\\\/saudemaispiaui.com.br\\\/#organization\"},\"potentialAction\":[{\"@type\":\"SearchAction\",\"target\":{\"@type\":\"EntryPoint\",\"urlTemplate\":\"https:\\\/\\\/saudemaispiaui.com.br\\\/?s={search_term_string}\"},\"query-input\":{\"@type\":\"PropertyValueSpecification\",\"valueRequired\":true,\"valueName\":\"search_term_string\"}}],\"inLanguage\":\"en-US\"},{\"@type\":\"Organization\",\"@id\":\"https:\\\/\\\/saudemaispiaui.com.br\\\/#organization\",\"name\":\"Sa\u00fade Mais Piau\u00ed\",\"url\":\"https:\\\/\\\/saudemaispiaui.com.br\\\/\",\"logo\":{\"@type\":\"ImageObject\",\"inLanguage\":\"en-US\",\"@id\":\"https:\\\/\\\/saudemaispiaui.com.br\\\/#\\\/schema\\\/logo\\\/image\\\/\",\"url\":\"https:\\\/\\\/saudemaispiaui.com.br\\\/wp-content\\\/uploads\\\/2024\\\/10\\\/logo-smp.png\",\"contentUrl\":\"https:\\\/\\\/saudemaispiaui.com.br\\\/wp-content\\\/uploads\\\/2024\\\/10\\\/logo-smp.png\",\"width\":300,\"height\":110,\"caption\":\"Sa\u00fade Mais Piau\u00ed\"},\"image\":{\"@id\":\"https:\\\/\\\/saudemaispiaui.com.br\\\/#\\\/schema\\\/logo\\\/image\\\/\"}}]}<\/script>\n<!-- \/ Yoast SEO plugin. -->","yoast_head_json":{"title":"Credenciados - Sa\u00fade Mais Piau\u00ed","robots":{"index":"index","follow":"follow","max-snippet":"max-snippet:-1","max-image-preview":"max-image-preview:large","max-video-preview":"max-video-preview:-1"},"canonical":"https:\/\/saudemaispiaui.com.br\/en\/credenciados\/","og_locale":"en_US","og_type":"article","og_title":"Credenciados - Sa\u00fade Mais Piau\u00ed","og_url":"https:\/\/saudemaispiaui.com.br\/en\/credenciados\/","og_site_name":"Sa\u00fade Mais Piau\u00ed","article_modified_time":"2025-04-29T16:35:55+00:00","og_image":[{"width":725,"height":483,"url":"https:\/\/saudemaispiaui.com.br\/wp-content\/uploads\/2024\/10\/doctor-1.jpg","type":"image\/jpeg"}],"twitter_card":"summary_large_image","schema":{"@context":"https:\/\/schema.org","@graph":[{"@type":"WebPage","@id":"https:\/\/saudemaispiaui.com.br\/credenciados\/","url":"https:\/\/saudemaispiaui.com.br\/credenciados\/","name":"Credenciados - Sa\u00fade Mais Piau\u00ed","isPartOf":{"@id":"https:\/\/saudemaispiaui.com.br\/#website"},"primaryImageOfPage":{"@id":"https:\/\/saudemaispiaui.com.br\/credenciados\/#primaryimage"},"image":{"@id":"https:\/\/saudemaispiaui.com.br\/credenciados\/#primaryimage"},"thumbnailUrl":"https:\/\/saudemaispiaui.com.br\/wp-content\/uploads\/2024\/10\/doctor-1.jpg","datePublished":"2025-04-12T12:04:08+00:00","dateModified":"2025-04-29T16:35:55+00:00","breadcrumb":{"@id":"https:\/\/saudemaispiaui.com.br\/credenciados\/#breadcrumb"},"inLanguage":"en-US","potentialAction":[{"@type":"ReadAction","target":["https:\/\/saudemaispiaui.com.br\/credenciados\/"]}]},{"@type":"ImageObject","inLanguage":"en-US","@id":"https:\/\/saudemaispiaui.com.br\/credenciados\/#primaryimage","url":"https:\/\/saudemaispiaui.com.br\/wp-content\/uploads\/2024\/10\/doctor-1.jpg","contentUrl":"https:\/\/saudemaispiaui.com.br\/wp-content\/uploads\/2024\/10\/doctor-1.jpg","width":725,"height":483,"caption":"uniform, healt care, doctor, health, hospital, medical care, medicine, ambulance, stethoscope, medical records, white coat"},{"@type":"BreadcrumbList","@id":"https:\/\/saudemaispiaui.com.br\/credenciados\/#breadcrumb","itemListElement":[{"@type":"ListItem","position":1,"name":"In\u00edcio","item":"https:\/\/saudemaispiaui.com.br\/"},{"@type":"ListItem","position":2,"name":"Credenciados"}]},{"@type":"WebSite","@id":"https:\/\/saudemaispiaui.com.br\/#website","url":"https:\/\/saudemaispiaui.com.br\/","name":"Sa\u00fade Mais Piau\u00ed","description":"Cart\u00e3o de desconto em servi\u00e7os de sa\u00fade","publisher":{"@id":"https:\/\/saudemaispiaui.com.br\/#organization"},"potentialAction":[{"@type":"SearchAction","target":{"@type":"EntryPoint","urlTemplate":"https:\/\/saudemaispiaui.com.br\/?s={search_term_string}"},"query-input":{"@type":"PropertyValueSpecification","valueRequired":true,"valueName":"search_term_string"}}],"inLanguage":"en-US"},{"@type":"Organization","@id":"https:\/\/saudemaispiaui.com.br\/#organization","name":"Sa\u00fade Mais Piau\u00ed","url":"https:\/\/saudemaispiaui.com.br\/","logo":{"@type":"ImageObject","inLanguage":"en-US","@id":"https:\/\/saudemaispiaui.com.br\/#\/schema\/logo\/image\/","url":"https:\/\/saudemaispiaui.com.br\/wp-content\/uploads\/2024\/10\/logo-smp.png","contentUrl":"https:\/\/saudemaispiaui.com.br\/wp-content\/uploads\/2024\/10\/logo-smp.png","width":300,"height":110,"caption":"Sa\u00fade Mais Piau\u00ed"},"image":{"@id":"https:\/\/saudemaispiaui.com.br\/#\/schema\/logo\/image\/"}}]}},"_links":{"self":[{"href":"https:\/\/saudemaispiaui.com.br\/en\/wp-json\/wp\/v2\/pages\/51","targetHints":{"allow":["GET"]}}],"collection":[{"href":"https:\/\/saudemaispiaui.com.br\/en\/wp-json\/wp\/v2\/pages"}],"about":[{"href":"https:\/\/saudemaispiaui.com.br\/en\/wp-json\/wp\/v2\/types\/page"}],"author":[{"embeddable":true,"href":"https:\/\/saudemaispiaui.com.br\/en\/wp-json\/wp\/v2\/users\/1"}],"replies":[{"embeddable":true,"href":"https:\/\/saudemaispiaui.com.br\/en\/wp-json\/wp\/v2\/comments?post=51"}],"version-history":[{"count":7,"href":"https:\/\/saudemaispiaui.com.br\/en\/wp-json\/wp\/v2\/pages\/51\/revisions"}],"predecessor-version":[{"id":79,"href":"https:\/\/saudemaispiaui.com.br\/en\/wp-json\/wp\/v2\/pages\/51\/revisions\/79"}],"wp:featuredmedia":[{"embeddable":true,"href":"https:\/\/saudemaispiaui.com.br\/en\/wp-json\/wp\/v2\/media\/12"}],"wp:attachment":[{"href":"https:\/\/saudemaispiaui.com.br\/en\/wp-json\/wp\/v2\/media?parent=51"}],"curies":[{"name":"wp","href":"https:\/\/api.w.org\/{rel}","templated":true}]}}