{"id":115,"date":"2025-10-31T12:49:40","date_gmt":"2025-10-31T15:49:40","guid":{"rendered":"https:\/\/saudemaispiaui.com.br\/?page_id=115"},"modified":"2025-11-23T16:52:29","modified_gmt":"2025-11-23T19:52:29","slug":"app-android","status":"publish","type":"page","link":"https:\/\/saudemaispiaui.com.br\/en\/app-android\/","title":{"rendered":"Baixe nosso App"},"content":{"rendered":"<div data-elementor-type=\"wp-page\" data-elementor-id=\"115\" class=\"elementor elementor-115\">\n\t\t\t\t<div class=\"elementor-element elementor-element-3cd23b4c e-flex e-con-boxed e-con e-parent\" data-id=\"3cd23b4c\" data-element_type=\"container\" data-e-type=\"container\">\n\t\t\t\t\t<div class=\"e-con-inner\">\n\t\t\t\t<div class=\"elementor-element elementor-element-5403f6d1 elementor-widget elementor-widget-text-editor\" data-id=\"5403f6d1\" data-element_type=\"widget\" data-e-type=\"widget\" data-widget_type=\"text-editor.default\">\n\t\t\t\t<div class=\"elementor-widget-container\">\n\t\t\t\t\t\t\t\t\t\n<div class=\"wp-block-buttons is-content-justification-center is-layout-flex wp-container-core-buttons-is-layout-16018d1d wp-block-buttons-is-layout-flex\">\n<div class=\"wp-block-button\"><a class=\"wp-block-button__link has-text-align-center wp-element-button\" href=\"https:\/\/play.google.com\/store\/apps\/details?id=io.kodular.ricardomelo_rt.SaudeMaisPiaui\">Google Play Store<\/a><\/div>\n<\/div>\n<div class=\"wp-block-image\">\n<figure class=\"aligncenter size-full is-resized\"><img decoding=\"async\" width=\"220\" height=\"208\" class=\"wp-image-119 aligncenter\" style=\"width: 125px; height: auto;\" src=\"https:\/\/saudemaispiaui.com.br\/wp-content\/uploads\/2025\/10\/play-store-icon.jpg\" alt=\"\" srcset=\"https:\/\/saudemaispiaui.com.br\/wp-content\/uploads\/2025\/10\/play-store-icon.jpg 220w, https:\/\/saudemaispiaui.com.br\/wp-content\/uploads\/2025\/10\/play-store-icon-13x12.jpg 13w\" sizes=\"(max-width: 220px) 100vw, 220px\" \/><\/figure>\n<\/div>\n<p>\u00a0<\/p>\n\t\t\t\t\t\t\t\t<\/div>\n\t\t\t\t<\/div>\n\t\t\t\t\t<\/div>\n\t\t\t\t<\/div>\n\t\t\t\t<\/div>","protected":false},"excerpt":{"rendered":"<p>\u00a0<\/p>","protected":false},"author":1,"featured_media":0,"parent":0,"menu_order":0,"comment_status":"closed","ping_status":"closed","template":"","meta":{"_joinchat":[],"footnotes":""},"class_list":["post-115","page","type-page","status-publish","hentry"],"yoast_head":"<!-- This site is optimized with the Yoast SEO plugin v27.3 - https:\/\/yoast.com\/product\/yoast-seo-wordpress\/ -->\n<title>Baixe nosso App - Sa\u00fade Mais Piau\u00ed<\/title>\n<meta name=\"robots\" content=\"index, follow, max-snippet:-1, max-image-preview:large, max-video-preview:-1\" \/>\n<link rel=\"canonical\" href=\"https:\/\/saudemaispiaui.com.br\/en\/app-android\/\" \/>\n<meta property=\"og:locale\" content=\"en_US\" \/>\n<meta property=\"og:type\" content=\"article\" \/>\n<meta property=\"og:title\" content=\"Baixe nosso App - Sa\u00fade Mais Piau\u00ed\" \/>\n<meta property=\"og:description\" content=\"\u00a0\" \/>\n<meta property=\"og:url\" content=\"https:\/\/saudemaispiaui.com.br\/en\/app-android\/\" \/>\n<meta property=\"og:site_name\" content=\"Sa\u00fade Mais Piau\u00ed\" \/>\n<meta property=\"article:modified_time\" content=\"2025-11-23T19:52:29+00:00\" \/>\n<meta property=\"og:image\" content=\"https:\/\/saudemaispiaui.com.br\/wp-content\/uploads\/2025\/10\/play-store-icon.jpg\" \/>\n\t<meta property=\"og:image:width\" content=\"220\" \/>\n\t<meta property=\"og:image:height\" content=\"208\" \/>\n\t<meta property=\"og:image:type\" content=\"image\/jpeg\" \/>\n<meta name=\"twitter:card\" content=\"summary_large_image\" \/>\n<script type=\"application\/ld+json\" class=\"yoast-schema-graph\">{\"@context\":\"https:\\\/\\\/schema.org\",\"@graph\":[{\"@type\":\"WebPage\",\"@id\":\"https:\\\/\\\/saudemaispiaui.com.br\\\/app-android\\\/\",\"url\":\"https:\\\/\\\/saudemaispiaui.com.br\\\/app-android\\\/\",\"name\":\"Baixe nosso App - Sa\u00fade Mais Piau\u00ed\",\"isPartOf\":{\"@id\":\"https:\\\/\\\/saudemaispiaui.com.br\\\/#website\"},\"primaryImageOfPage\":{\"@id\":\"https:\\\/\\\/saudemaispiaui.com.br\\\/app-android\\\/#primaryimage\"},\"image\":{\"@id\":\"https:\\\/\\\/saudemaispiaui.com.br\\\/app-android\\\/#primaryimage\"},\"thumbnailUrl\":\"https:\\\/\\\/saudemaispiaui.com.br\\\/wp-content\\\/uploads\\\/2025\\\/10\\\/play-store-icon.jpg\",\"datePublished\":\"2025-10-31T15:49:40+00:00\",\"dateModified\":\"2025-11-23T19:52:29+00:00\",\"breadcrumb\":{\"@id\":\"https:\\\/\\\/saudemaispiaui.com.br\\\/app-android\\\/#breadcrumb\"},\"inLanguage\":\"en-US\",\"potentialAction\":[{\"@type\":\"ReadAction\",\"target\":[\"https:\\\/\\\/saudemaispiaui.com.br\\\/app-android\\\/\"]}]},{\"@type\":\"ImageObject\",\"inLanguage\":\"en-US\",\"@id\":\"https:\\\/\\\/saudemaispiaui.com.br\\\/app-android\\\/#primaryimage\",\"url\":\"https:\\\/\\\/saudemaispiaui.com.br\\\/wp-content\\\/uploads\\\/2025\\\/10\\\/play-store-icon.jpg\",\"contentUrl\":\"https:\\\/\\\/saudemaispiaui.com.br\\\/wp-content\\\/uploads\\\/2025\\\/10\\\/play-store-icon.jpg\"},{\"@type\":\"BreadcrumbList\",\"@id\":\"https:\\\/\\\/saudemaispiaui.com.br\\\/app-android\\\/#breadcrumb\",\"itemListElement\":[{\"@type\":\"ListItem\",\"position\":1,\"name\":\"In\u00edcio\",\"item\":\"https:\\\/\\\/saudemaispiaui.com.br\\\/\"},{\"@type\":\"ListItem\",\"position\":2,\"name\":\"Baixe nosso App\"}]},{\"@type\":\"WebSite\",\"@id\":\"https:\\\/\\\/saudemaispiaui.com.br\\\/#website\",\"url\":\"https:\\\/\\\/saudemaispiaui.com.br\\\/\",\"name\":\"Sa\u00fade Mais Piau\u00ed\",\"description\":\"Cart\u00e3o de desconto em servi\u00e7os de sa\u00fade\",\"publisher\":{\"@id\":\"https:\\\/\\\/saudemaispiaui.com.br\\\/#organization\"},\"potentialAction\":[{\"@type\":\"SearchAction\",\"target\":{\"@type\":\"EntryPoint\",\"urlTemplate\":\"https:\\\/\\\/saudemaispiaui.com.br\\\/?s={search_term_string}\"},\"query-input\":{\"@type\":\"PropertyValueSpecification\",\"valueRequired\":true,\"valueName\":\"search_term_string\"}}],\"inLanguage\":\"en-US\"},{\"@type\":\"Organization\",\"@id\":\"https:\\\/\\\/saudemaispiaui.com.br\\\/#organization\",\"name\":\"Sa\u00fade Mais Piau\u00ed\",\"url\":\"https:\\\/\\\/saudemaispiaui.com.br\\\/\",\"logo\":{\"@type\":\"ImageObject\",\"inLanguage\":\"en-US\",\"@id\":\"https:\\\/\\\/saudemaispiaui.com.br\\\/#\\\/schema\\\/logo\\\/image\\\/\",\"url\":\"https:\\\/\\\/saudemaispiaui.com.br\\\/wp-content\\\/uploads\\\/2024\\\/10\\\/logo-smp.png\",\"contentUrl\":\"https:\\\/\\\/saudemaispiaui.com.br\\\/wp-content\\\/uploads\\\/2024\\\/10\\\/logo-smp.png\",\"width\":300,\"height\":110,\"caption\":\"Sa\u00fade Mais Piau\u00ed\"},\"image\":{\"@id\":\"https:\\\/\\\/saudemaispiaui.com.br\\\/#\\\/schema\\\/logo\\\/image\\\/\"}}]}<\/script>\n<!-- \/ Yoast SEO plugin. -->","yoast_head_json":{"title":"Baixe nosso App - Sa\u00fade Mais Piau\u00ed","robots":{"index":"index","follow":"follow","max-snippet":"max-snippet:-1","max-image-preview":"max-image-preview:large","max-video-preview":"max-video-preview:-1"},"canonical":"https:\/\/saudemaispiaui.com.br\/en\/app-android\/","og_locale":"en_US","og_type":"article","og_title":"Baixe nosso App - Sa\u00fade Mais Piau\u00ed","og_description":"\u00a0","og_url":"https:\/\/saudemaispiaui.com.br\/en\/app-android\/","og_site_name":"Sa\u00fade Mais Piau\u00ed","article_modified_time":"2025-11-23T19:52:29+00:00","og_image":[{"width":220,"height":208,"url":"https:\/\/saudemaispiaui.com.br\/wp-content\/uploads\/2025\/10\/play-store-icon.jpg","type":"image\/jpeg"}],"twitter_card":"summary_large_image","schema":{"@context":"https:\/\/schema.org","@graph":[{"@type":"WebPage","@id":"https:\/\/saudemaispiaui.com.br\/app-android\/","url":"https:\/\/saudemaispiaui.com.br\/app-android\/","name":"Baixe nosso App - Sa\u00fade Mais Piau\u00ed","isPartOf":{"@id":"https:\/\/saudemaispiaui.com.br\/#website"},"primaryImageOfPage":{"@id":"https:\/\/saudemaispiaui.com.br\/app-android\/#primaryimage"},"image":{"@id":"https:\/\/saudemaispiaui.com.br\/app-android\/#primaryimage"},"thumbnailUrl":"https:\/\/saudemaispiaui.com.br\/wp-content\/uploads\/2025\/10\/play-store-icon.jpg","datePublished":"2025-10-31T15:49:40+00:00","dateModified":"2025-11-23T19:52:29+00:00","breadcrumb":{"@id":"https:\/\/saudemaispiaui.com.br\/app-android\/#breadcrumb"},"inLanguage":"en-US","potentialAction":[{"@type":"ReadAction","target":["https:\/\/saudemaispiaui.com.br\/app-android\/"]}]},{"@type":"ImageObject","inLanguage":"en-US","@id":"https:\/\/saudemaispiaui.com.br\/app-android\/#primaryimage","url":"https:\/\/saudemaispiaui.com.br\/wp-content\/uploads\/2025\/10\/play-store-icon.jpg","contentUrl":"https:\/\/saudemaispiaui.com.br\/wp-content\/uploads\/2025\/10\/play-store-icon.jpg"},{"@type":"BreadcrumbList","@id":"https:\/\/saudemaispiaui.com.br\/app-android\/#breadcrumb","itemListElement":[{"@type":"ListItem","position":1,"name":"In\u00edcio","item":"https:\/\/saudemaispiaui.com.br\/"},{"@type":"ListItem","position":2,"name":"Baixe nosso App"}]},{"@type":"WebSite","@id":"https:\/\/saudemaispiaui.com.br\/#website","url":"https:\/\/saudemaispiaui.com.br\/","name":"Sa\u00fade Mais Piau\u00ed","description":"Cart\u00e3o de desconto em servi\u00e7os de sa\u00fade","publisher":{"@id":"https:\/\/saudemaispiaui.com.br\/#organization"},"potentialAction":[{"@type":"SearchAction","target":{"@type":"EntryPoint","urlTemplate":"https:\/\/saudemaispiaui.com.br\/?s={search_term_string}"},"query-input":{"@type":"PropertyValueSpecification","valueRequired":true,"valueName":"search_term_string"}}],"inLanguage":"en-US"},{"@type":"Organization","@id":"https:\/\/saudemaispiaui.com.br\/#organization","name":"Sa\u00fade Mais Piau\u00ed","url":"https:\/\/saudemaispiaui.com.br\/","logo":{"@type":"ImageObject","inLanguage":"en-US","@id":"https:\/\/saudemaispiaui.com.br\/#\/schema\/logo\/image\/","url":"https:\/\/saudemaispiaui.com.br\/wp-content\/uploads\/2024\/10\/logo-smp.png","contentUrl":"https:\/\/saudemaispiaui.com.br\/wp-content\/uploads\/2024\/10\/logo-smp.png","width":300,"height":110,"caption":"Sa\u00fade Mais Piau\u00ed"},"image":{"@id":"https:\/\/saudemaispiaui.com.br\/#\/schema\/logo\/image\/"}}]}},"_links":{"self":[{"href":"https:\/\/saudemaispiaui.com.br\/en\/wp-json\/wp\/v2\/pages\/115","targetHints":{"allow":["GET"]}}],"collection":[{"href":"https:\/\/saudemaispiaui.com.br\/en\/wp-json\/wp\/v2\/pages"}],"about":[{"href":"https:\/\/saudemaispiaui.com.br\/en\/wp-json\/wp\/v2\/types\/page"}],"author":[{"embeddable":true,"href":"https:\/\/saudemaispiaui.com.br\/en\/wp-json\/wp\/v2\/users\/1"}],"replies":[{"embeddable":true,"href":"https:\/\/saudemaispiaui.com.br\/en\/wp-json\/wp\/v2\/comments?post=115"}],"version-history":[{"count":15,"href":"https:\/\/saudemaispiaui.com.br\/en\/wp-json\/wp\/v2\/pages\/115\/revisions"}],"predecessor-version":[{"id":138,"href":"https:\/\/saudemaispiaui.com.br\/en\/wp-json\/wp\/v2\/pages\/115\/revisions\/138"}],"wp:attachment":[{"href":"https:\/\/saudemaispiaui.com.br\/en\/wp-json\/wp\/v2\/media?parent=115"}],"curies":[{"name":"wp","href":"https:\/\/api.w.org\/{rel}","templated":true}]}}