{"id":11,"date":"2024-10-07T01:14:53","date_gmt":"2024-10-07T04:14:53","guid":{"rendered":"https:\/\/saudemaispiaui.app.br\/site\/?page_id=11"},"modified":"2025-04-29T11:11:09","modified_gmt":"2025-04-29T14:11:09","slug":"parnaiba","status":"publish","type":"page","link":"https:\/\/saudemaispiaui.com.br\/en\/credenciados\/parnaiba\/","title":{"rendered":"Credenciados Parna\u00edba"},"content":{"rendered":"<figure class=\"wp-block-table is-style-stripes\"><table class=\"has-fixed-layout\"><tbody><tr><td><strong>Cl\u00ednica Mais Afeto<br><\/strong>Rua Jos\u00e9 Basson, 505 \u2013 Centro, Parna\u00edba &#8211; PI<br>(86) 3322-3257<br>(86) 99575-3468<br>Fisioterapia, Psicologia, Fonoaudiologia, Cl\u00ednica Geral<\/td><\/tr><tr><td><strong>DR. RAIMUNDO SEIXAS<br><\/strong>Rua Riachuelo, 534 \u2013 Centro, Parna\u00edba &#8211; PI<br>(86) 3322-4104<br>Consulta Oftalmol\u00f3gica<\/td><\/tr><tr><td><strong>DIAGN\u00d3STICO \u2013 Centro de Medicina Integrada<br><\/strong>Avenida Chagas Rodrigues, S\/N \u2013 Centro, Parna\u00edba &#8211; PI<br>(86) 3321-1001<br>Descontos em Ultra-sonografia, Raio X, Tomografia, e outros<\/td><\/tr><tr><td><strong>GASTRO+<br><\/strong>Rua Pedro II, 000 \u2013 Centro, Parna\u00edba &#8211; PI<br>(86) 2221-0300<\/td><\/tr><tr><td><strong>CL\u00cdNICA S\u00c3O LUCAS \u2013 Dr Raimundo Andrade<br><\/strong>Rua Riachuelo, 668 \u2013 Centro, Parna\u00edba &#8211; PI<br>(86) 3321-1525<br>Oftalmologia, Exames, Cirurgias<\/td><\/tr><tr><td><strong>ARMANDO CAJUB\u00c1 \u2013 Cl\u00ednica de Imagem<br><\/strong>Avenida Presidente Vargas, 886 \u2013 Centro, Parna\u00edba &#8211; PI<br>(86) 3331-2971<br>(86) 3331-2971<br>Ultrassonografia, radiologia digital, endoscopia, tomografia, resson\u00e2ncia&#8230;<\/td><\/tr><tr><td><strong>MARCOR \u2013 Cl\u00ednica M\u00e9dica<br><\/strong>Rua Benjamim Constant, 715 \u2013 Centro, Parna\u00edba &#8211; PI<br>(86) 3321-2395<br>(86) 98876-7508<br>Ultrassonografias<\/td><\/tr><tr><td><strong>DIAGN\u00d3STICO \u2013 Exames Laboratoriais<br><\/strong>Avenida Gov. Chagas Rodrigues, 596 \u2013 Centro, Parna\u00edba &#8211; PI<br>(86) 3321-2622<br>(86) 3321-2622<br>Descontos em todos os exames laboratoriais (sangue, urina&#8230;)<\/td><\/tr><tr><td><strong>Dr. Eduardo Augusto de Melo Lopes<br><\/strong>Rua Prof. Eduardo Augusto Lopes, 333 \u2013 Centro, Parna\u00edba &#8211; PI<br>(86) 3322-1052<br>(86) 3322-1052<br>Otorrinolaringologista, M\u00e9dico do Trabalho<\/td><\/tr><tr><td><strong>ENDOANALISE<\/strong><br>Rua Riachuelo, 840 \u2013 Centro, Parna\u00edba &#8211; PI<br>(86) 3321-1929<br>Todos os exames laboratoriais (sangue, urina, fezes&#8230;)<\/td><\/tr><tr><td><strong>PHBio \u2013 Dra. Yoneide Ursulina<br><\/strong>Av. S\u00e3o Sebasti\u00e3o, 1067 \u2013 F\u00e1tima, Parna\u00edba &#8211; PI<br>(86) 3421-7656<br>Laborat\u00f3rio, Ginecologia, Obstetr\u00edcia, Cardiologia<\/td><\/tr><tr><td><strong>Cl\u00ednica M\u00e9dica Praiana<br><\/strong>Rua Geronimo Tupinamba, 488 \u2013 Cantagalo, Parna\u00edba &#8211; PI<br>(86) 99596-6970<br>Cl\u00ednica M\u00e9dica Praiana Parna\u00edba, conta com servi\u00e7o completo<\/td><\/tr><tr><td><\/td><\/tr><\/tbody><\/table><\/figure>\n\n\n\n<p><\/p>","protected":false},"excerpt":{"rendered":"<p>Cl\u00ednica Mais AfetoRua Jos\u00e9 Basson, 505 \u2013 Centro, Parna\u00edba &#8211; PI(86) 3322-3257(86) 99575-3468Fisioterapia, Psicologia, Fonoaudiologia, Cl\u00ednica Geral DR. RAIMUNDO SEIXASRua Riachuelo, 534 \u2013 Centro, Parna\u00edba &#8211; PI(86) 3322-4104Consulta Oftalmol\u00f3gica DIAGN\u00d3STICO \u2013 Centro de Medicina IntegradaAvenida Chagas Rodrigues, S\/N \u2013 Centro, Parna\u00edba &#8211; PI(86) 3321-1001Descontos em Ultra-sonografia, Raio X, Tomografia, e outros GASTRO+Rua Pedro II, 000 [&hellip;]<\/p>\n","protected":false},"author":1,"featured_media":0,"parent":51,"menu_order":0,"comment_status":"closed","ping_status":"closed","template":"","meta":{"_joinchat":[],"footnotes":""},"class_list":["post-11","page","type-page","status-publish","hentry"],"yoast_head":"<!-- This site is optimized with the Yoast SEO plugin v27.3 - https:\/\/yoast.com\/product\/yoast-seo-wordpress\/ -->\n<title>Credenciados Parna\u00edba - Sa\u00fade Mais Piau\u00ed<\/title>\n<meta name=\"robots\" content=\"index, follow, max-snippet:-1, max-image-preview:large, max-video-preview:-1\" \/>\n<link rel=\"canonical\" href=\"https:\/\/saudemaispiaui.com.br\/en\/credenciados\/parnaiba\/\" \/>\n<meta property=\"og:locale\" content=\"en_US\" \/>\n<meta property=\"og:type\" content=\"article\" \/>\n<meta property=\"og:title\" content=\"Credenciados Parna\u00edba - Sa\u00fade Mais Piau\u00ed\" \/>\n<meta property=\"og:description\" content=\"Cl\u00ednica Mais AfetoRua Jos\u00e9 Basson, 505 \u2013 Centro, Parna\u00edba &#8211; PI(86) 3322-3257(86) 99575-3468Fisioterapia, Psicologia, Fonoaudiologia, Cl\u00ednica Geral DR. RAIMUNDO SEIXASRua Riachuelo, 534 \u2013 Centro, Parna\u00edba &#8211; PI(86) 3322-4104Consulta Oftalmol\u00f3gica DIAGN\u00d3STICO \u2013 Centro de Medicina IntegradaAvenida Chagas Rodrigues, S\/N \u2013 Centro, Parna\u00edba &#8211; PI(86) 3321-1001Descontos em Ultra-sonografia, Raio X, Tomografia, e outros GASTRO+Rua Pedro II, 000 [&hellip;]\" \/>\n<meta property=\"og:url\" content=\"https:\/\/saudemaispiaui.com.br\/en\/credenciados\/parnaiba\/\" \/>\n<meta property=\"og:site_name\" content=\"Sa\u00fade Mais Piau\u00ed\" \/>\n<meta property=\"article:modified_time\" content=\"2025-04-29T14:11:09+00:00\" \/>\n<meta name=\"twitter:card\" content=\"summary_large_image\" \/>\n<meta name=\"twitter:label1\" content=\"Est. reading time\" \/>\n\t<meta name=\"twitter:data1\" content=\"1 minute\" \/>\n<script type=\"application\/ld+json\" class=\"yoast-schema-graph\">{\"@context\":\"https:\\\/\\\/schema.org\",\"@graph\":[{\"@type\":\"WebPage\",\"@id\":\"https:\\\/\\\/saudemaispiaui.com.br\\\/credenciados\\\/parnaiba\\\/\",\"url\":\"https:\\\/\\\/saudemaispiaui.com.br\\\/credenciados\\\/parnaiba\\\/\",\"name\":\"Credenciados Parna\u00edba - Sa\u00fade Mais Piau\u00ed\",\"isPartOf\":{\"@id\":\"https:\\\/\\\/saudemaispiaui.com.br\\\/#website\"},\"datePublished\":\"2024-10-07T04:14:53+00:00\",\"dateModified\":\"2025-04-29T14:11:09+00:00\",\"breadcrumb\":{\"@id\":\"https:\\\/\\\/saudemaispiaui.com.br\\\/credenciados\\\/parnaiba\\\/#breadcrumb\"},\"inLanguage\":\"en-US\",\"potentialAction\":[{\"@type\":\"ReadAction\",\"target\":[\"https:\\\/\\\/saudemaispiaui.com.br\\\/credenciados\\\/parnaiba\\\/\"]}]},{\"@type\":\"BreadcrumbList\",\"@id\":\"https:\\\/\\\/saudemaispiaui.com.br\\\/credenciados\\\/parnaiba\\\/#breadcrumb\",\"itemListElement\":[{\"@type\":\"ListItem\",\"position\":1,\"name\":\"In\u00edcio\",\"item\":\"https:\\\/\\\/saudemaispiaui.com.br\\\/\"},{\"@type\":\"ListItem\",\"position\":2,\"name\":\"Credenciados\",\"item\":\"https:\\\/\\\/saudemaispiaui.com.br\\\/credenciados\\\/\"},{\"@type\":\"ListItem\",\"position\":3,\"name\":\"Credenciados Parna\u00edba\"}]},{\"@type\":\"WebSite\",\"@id\":\"https:\\\/\\\/saudemaispiaui.com.br\\\/#website\",\"url\":\"https:\\\/\\\/saudemaispiaui.com.br\\\/\",\"name\":\"Sa\u00fade Mais Piau\u00ed\",\"description\":\"Cart\u00e3o de desconto em servi\u00e7os de sa\u00fade\",\"publisher\":{\"@id\":\"https:\\\/\\\/saudemaispiaui.com.br\\\/#organization\"},\"potentialAction\":[{\"@type\":\"SearchAction\",\"target\":{\"@type\":\"EntryPoint\",\"urlTemplate\":\"https:\\\/\\\/saudemaispiaui.com.br\\\/?s={search_term_string}\"},\"query-input\":{\"@type\":\"PropertyValueSpecification\",\"valueRequired\":true,\"valueName\":\"search_term_string\"}}],\"inLanguage\":\"en-US\"},{\"@type\":\"Organization\",\"@id\":\"https:\\\/\\\/saudemaispiaui.com.br\\\/#organization\",\"name\":\"Sa\u00fade Mais Piau\u00ed\",\"url\":\"https:\\\/\\\/saudemaispiaui.com.br\\\/\",\"logo\":{\"@type\":\"ImageObject\",\"inLanguage\":\"en-US\",\"@id\":\"https:\\\/\\\/saudemaispiaui.com.br\\\/#\\\/schema\\\/logo\\\/image\\\/\",\"url\":\"https:\\\/\\\/saudemaispiaui.com.br\\\/wp-content\\\/uploads\\\/2024\\\/10\\\/logo-smp.png\",\"contentUrl\":\"https:\\\/\\\/saudemaispiaui.com.br\\\/wp-content\\\/uploads\\\/2024\\\/10\\\/logo-smp.png\",\"width\":300,\"height\":110,\"caption\":\"Sa\u00fade Mais Piau\u00ed\"},\"image\":{\"@id\":\"https:\\\/\\\/saudemaispiaui.com.br\\\/#\\\/schema\\\/logo\\\/image\\\/\"}}]}<\/script>\n<!-- \/ Yoast SEO plugin. -->","yoast_head_json":{"title":"Credenciados Parna\u00edba - Sa\u00fade Mais Piau\u00ed","robots":{"index":"index","follow":"follow","max-snippet":"max-snippet:-1","max-image-preview":"max-image-preview:large","max-video-preview":"max-video-preview:-1"},"canonical":"https:\/\/saudemaispiaui.com.br\/en\/credenciados\/parnaiba\/","og_locale":"en_US","og_type":"article","og_title":"Credenciados Parna\u00edba - Sa\u00fade Mais Piau\u00ed","og_description":"Cl\u00ednica Mais AfetoRua Jos\u00e9 Basson, 505 \u2013 Centro, Parna\u00edba &#8211; PI(86) 3322-3257(86) 99575-3468Fisioterapia, Psicologia, Fonoaudiologia, Cl\u00ednica Geral DR. RAIMUNDO SEIXASRua Riachuelo, 534 \u2013 Centro, Parna\u00edba &#8211; PI(86) 3322-4104Consulta Oftalmol\u00f3gica DIAGN\u00d3STICO \u2013 Centro de Medicina IntegradaAvenida Chagas Rodrigues, S\/N \u2013 Centro, Parna\u00edba &#8211; PI(86) 3321-1001Descontos em Ultra-sonografia, Raio X, Tomografia, e outros GASTRO+Rua Pedro II, 000 [&hellip;]","og_url":"https:\/\/saudemaispiaui.com.br\/en\/credenciados\/parnaiba\/","og_site_name":"Sa\u00fade Mais Piau\u00ed","article_modified_time":"2025-04-29T14:11:09+00:00","twitter_card":"summary_large_image","twitter_misc":{"Est. reading time":"1 minute"},"schema":{"@context":"https:\/\/schema.org","@graph":[{"@type":"WebPage","@id":"https:\/\/saudemaispiaui.com.br\/credenciados\/parnaiba\/","url":"https:\/\/saudemaispiaui.com.br\/credenciados\/parnaiba\/","name":"Credenciados Parna\u00edba - Sa\u00fade Mais Piau\u00ed","isPartOf":{"@id":"https:\/\/saudemaispiaui.com.br\/#website"},"datePublished":"2024-10-07T04:14:53+00:00","dateModified":"2025-04-29T14:11:09+00:00","breadcrumb":{"@id":"https:\/\/saudemaispiaui.com.br\/credenciados\/parnaiba\/#breadcrumb"},"inLanguage":"en-US","potentialAction":[{"@type":"ReadAction","target":["https:\/\/saudemaispiaui.com.br\/credenciados\/parnaiba\/"]}]},{"@type":"BreadcrumbList","@id":"https:\/\/saudemaispiaui.com.br\/credenciados\/parnaiba\/#breadcrumb","itemListElement":[{"@type":"ListItem","position":1,"name":"In\u00edcio","item":"https:\/\/saudemaispiaui.com.br\/"},{"@type":"ListItem","position":2,"name":"Credenciados","item":"https:\/\/saudemaispiaui.com.br\/credenciados\/"},{"@type":"ListItem","position":3,"name":"Credenciados Parna\u00edba"}]},{"@type":"WebSite","@id":"https:\/\/saudemaispiaui.com.br\/#website","url":"https:\/\/saudemaispiaui.com.br\/","name":"Sa\u00fade Mais Piau\u00ed","description":"Cart\u00e3o de desconto em servi\u00e7os de sa\u00fade","publisher":{"@id":"https:\/\/saudemaispiaui.com.br\/#organization"},"potentialAction":[{"@type":"SearchAction","target":{"@type":"EntryPoint","urlTemplate":"https:\/\/saudemaispiaui.com.br\/?s={search_term_string}"},"query-input":{"@type":"PropertyValueSpecification","valueRequired":true,"valueName":"search_term_string"}}],"inLanguage":"en-US"},{"@type":"Organization","@id":"https:\/\/saudemaispiaui.com.br\/#organization","name":"Sa\u00fade Mais Piau\u00ed","url":"https:\/\/saudemaispiaui.com.br\/","logo":{"@type":"ImageObject","inLanguage":"en-US","@id":"https:\/\/saudemaispiaui.com.br\/#\/schema\/logo\/image\/","url":"https:\/\/saudemaispiaui.com.br\/wp-content\/uploads\/2024\/10\/logo-smp.png","contentUrl":"https:\/\/saudemaispiaui.com.br\/wp-content\/uploads\/2024\/10\/logo-smp.png","width":300,"height":110,"caption":"Sa\u00fade Mais Piau\u00ed"},"image":{"@id":"https:\/\/saudemaispiaui.com.br\/#\/schema\/logo\/image\/"}}]}},"_links":{"self":[{"href":"https:\/\/saudemaispiaui.com.br\/en\/wp-json\/wp\/v2\/pages\/11","targetHints":{"allow":["GET"]}}],"collection":[{"href":"https:\/\/saudemaispiaui.com.br\/en\/wp-json\/wp\/v2\/pages"}],"about":[{"href":"https:\/\/saudemaispiaui.com.br\/en\/wp-json\/wp\/v2\/types\/page"}],"author":[{"embeddable":true,"href":"https:\/\/saudemaispiaui.com.br\/en\/wp-json\/wp\/v2\/users\/1"}],"replies":[{"embeddable":true,"href":"https:\/\/saudemaispiaui.com.br\/en\/wp-json\/wp\/v2\/comments?post=11"}],"version-history":[{"count":5,"href":"https:\/\/saudemaispiaui.com.br\/en\/wp-json\/wp\/v2\/pages\/11\/revisions"}],"predecessor-version":[{"id":59,"href":"https:\/\/saudemaispiaui.com.br\/en\/wp-json\/wp\/v2\/pages\/11\/revisions\/59"}],"up":[{"embeddable":true,"href":"https:\/\/saudemaispiaui.com.br\/en\/wp-json\/wp\/v2\/pages\/51"}],"wp:attachment":[{"href":"https:\/\/saudemaispiaui.com.br\/en\/wp-json\/wp\/v2\/media?parent=11"}],"curies":[{"name":"wp","href":"https:\/\/api.w.org\/{rel}","templated":true}]}}